{"id":3,"date":"2026-04-09T12:09:24","date_gmt":"2026-04-09T10:09:24","guid":{"rendered":"http:\/\/www.kabunik.com\/?page_id=3"},"modified":"2026-04-28T17:10:53","modified_gmt":"2026-04-28T15:10:53","slug":"politica-de-privacidad","status":"publish","type":"page","link":"https:\/\/www.kabunik.com\/es\/politica-de-privacidad\/","title":{"rendered":"Pol\u00edtica de privacidad"},"content":{"rendered":"[vc_row type=\u00bbin_container\u00bb full_screen_row_position=\u00bbmiddle\u00bb column_margin=\u00bbdefault\u00bb column_direction=\u00bbdefault\u00bb column_direction_tablet=\u00bbdefault\u00bb column_direction_phone=\u00bbdefault\u00bb scene_position=\u00bbcenter\u00bb text_color=\u00bbdark\u00bb text_align=\u00bbleft\u00bb row_border_radius=\u00bbnone\u00bb row_border_radius_applies=\u00bbbg\u00bb row_position_desktop=\u00bbdefault\u00bb row_position_tablet=\u00bbinherit\u00bb row_position_phone=\u00bbinherit\u00bb overflow=\u00bbvisible\u00bb overlay_strength=\u00bb0.3&#8243; gradient_direction=\u00bbleft_to_right\u00bb shape_divider_position=\u00bbbottom\u00bb bg_image_animation=\u00bbnone\u00bb][vc_column column_padding=\u00bbno-extra-padding\u00bb column_padding_tablet=\u00bbinherit\u00bb column_padding_phone=\u00bbinherit\u00bb column_padding_position=\u00bball\u00bb flex_gap_desktop=\u00bb10px\u00bb column_element_direction_desktop=\u00bbdefault\u00bb column_element_spacing=\u00bbdefault\u00bb desktop_text_alignment=\u00bbdefault\u00bb tablet_text_alignment=\u00bbdefault\u00bb phone_text_alignment=\u00bbdefault\u00bb background_color_opacity=\u00bb1&#8243; background_hover_color_opacity=\u00bb1&#8243; column_backdrop_filter=\u00bbnone\u00bb column_shadow=\u00bbnone\u00bb column_border_radius=\u00bbnone\u00bb column_link_target=\u00bb_self\u00bb column_position=\u00bbdefault\u00bb gradient_direction=\u00bbleft_to_right\u00bb overlay_strength=\u00bb0.3&#8243; width=\u00bb1\/1&#8243; tablet_width_inherit=\u00bbdefault\u00bb animation_type=\u00bbdefault\u00bb bg_image_animation=\u00bbnone\u00bb border_type=\u00bbsimple\u00bb column_border_width=\u00bbnone\u00bb column_border_style=\u00bbsolid\u00bb][nectar_highlighted_text style=\u00bbnone\u00bb text_direction=\u00bbdefault\u00bb]\n<h1><em>Pol\u00edtica de privacidad<\/em><\/h1>\n[\/nectar_highlighted_text][\/vc_column][\/vc_row][vc_row type=\u00bbin_container\u00bb full_screen_row_position=\u00bbmiddle\u00bb column_margin=\u00bbdefault\u00bb column_direction=\u00bbdefault\u00bb column_direction_tablet=\u00bbdefault\u00bb column_direction_phone=\u00bbdefault\u00bb scene_position=\u00bbcenter\u00bb text_color=\u00bbdark\u00bb text_align=\u00bbleft\u00bb row_border_radius=\u00bbnone\u00bb row_border_radius_applies=\u00bbbg\u00bb row_position_desktop=\u00bbdefault\u00bb row_position_tablet=\u00bbinherit\u00bb row_position_phone=\u00bbinherit\u00bb overflow=\u00bbvisible\u00bb overlay_strength=\u00bb0.3&#8243; gradient_direction=\u00bbleft_to_right\u00bb shape_divider_position=\u00bbbottom\u00bb bg_image_animation=\u00bbnone\u00bb][vc_column column_padding=\u00bbno-extra-padding\u00bb column_padding_tablet=\u00bbinherit\u00bb column_padding_phone=\u00bbinherit\u00bb column_padding_position=\u00bball\u00bb flex_gap_desktop=\u00bb10px\u00bb column_element_direction_desktop=\u00bbdefault\u00bb column_element_spacing=\u00bbdefault\u00bb desktop_text_alignment=\u00bbdefault\u00bb tablet_text_alignment=\u00bbdefault\u00bb phone_text_alignment=\u00bbdefault\u00bb background_color_opacity=\u00bb1&#8243; background_hover_color_opacity=\u00bb1&#8243; column_backdrop_filter=\u00bbnone\u00bb column_shadow=\u00bbnone\u00bb column_border_radius=\u00bbnone\u00bb column_link_target=\u00bb_self\u00bb column_position=\u00bbdefault\u00bb gradient_direction=\u00bbleft_to_right\u00bb overlay_strength=\u00bb0.3&#8243; width=\u00bb1\/1&#8243; tablet_width_inherit=\u00bbdefault\u00bb animation_type=\u00bbdefault\u00bb bg_image_animation=\u00bbnone\u00bb border_type=\u00bbsimple\u00bb column_border_width=\u00bbnone\u00bb column_border_style=\u00bbsolid\u00bb][vc_column_text css=\u00bb\u00bb text_direction=\u00bbdefault\u00bb]\n<div id=\"sub-heading-RGsrlFdDm5M\" class=\"c-sub-heading c-wrapper\">\n<h3>Informaci\u00f3n al usuario<\/h3>\n<p class=\"sub-heading-RGsrlFdDm5M text-output csub-heading-RGsrlFdDm5M none noBorder radius0 none\">EXPORTEN\u00a0STRUCTURES SOFTWARE SL \u2013 CIF n\u00ba B65253783, en adelante el RESPONSABLE, es el Responsable del tratamiento de los datos personales del Usuario y le informa que estos datos ser\u00e1n tratados de conformidad con lo dispuesto en las normativas vigentes en protecci\u00f3n de datos personales, el Reglamento (UE) 2016\/679 de 27 de abril de 2016 (GDPR) relativo a la protecci\u00f3n de las personas f\u00edsicas en lo que respecta al tratamiento de datos personales y a la libre circulaci\u00f3n de estos datos, por lo que se le facilita la siguiente informaci\u00f3n del tratamiento:<\/p>\n<p class=\"sub-heading-RGsrlFdDm5M text-output csub-heading-RGsrlFdDm5M none noBorder radius0 none\">Fin del tratamiento: mantener una relaci\u00f3n comercial con el Usuario. Las operaciones previstas para realizar el tratamiento son:<\/p>\n<p class=\"sub-heading-RGsrlFdDm5M text-output csub-heading-RGsrlFdDm5M none noBorder radius0 none\">Remisi\u00f3n de comunicaciones comerciales publicitarias, siempre y cuando se haya autorizado previamente, por email, fax, SMS, MMS, comunidades sociales o cualquier otro medio electr\u00f3nico o f\u00edsico, presente o futuro, que posibilite realizar comunicaciones comerciales. Estas comunicaciones ser\u00e1n realizadas por el RESPONSABLE y relacionadas sobre sus productos y servicios, o de sus colaboradores o proveedores con los que \u00e9ste haya alcanzado alg\u00fan acuerdo de promoci\u00f3n.<\/p>\n<p class=\"sub-heading-RGsrlFdDm5M text-output csub-heading-RGsrlFdDm5M none noBorder radius0 none\">En este caso, los terceros nunca tendr\u00e1n acceso a los datos personales.<\/p>\n<p class=\"sub-heading-RGsrlFdDm5M text-output csub-heading-RGsrlFdDm5M none noBorder radius0 none\">Realizar estudios estad\u00edsticos.<\/p>\n<p class=\"sub-heading-RGsrlFdDm5M text-output csub-heading-RGsrlFdDm5M none noBorder radius0 none\">Tramitar encargos, solicitudes o cualquier tipo de petici\u00f3n que sea realizada por el usuario a trav\u00e9s de cualquiera de las formas de contacto que se ponen a su disposici\u00f3n.<\/p>\n<p class=\"sub-heading-RGsrlFdDm5M text-output csub-heading-RGsrlFdDm5M none noBorder radius0 none\">Remitir el bolet\u00edn de noticias de la p\u00e1gina web.<\/p>\n<p class=\"sub-heading-RGsrlFdDm5M text-output csub-heading-RGsrlFdDm5M none noBorder radius0 none\">Criterios de conservaci\u00f3n de los datos: se conservar\u00e1n mientras exista un inter\u00e9s mutuo para mantener el fin del tratamiento y cuando ya no sea necesario para tal fin, se suprimir\u00e1n con medidas de seguridad adecuadas para garantizar la seudonimizaci\u00f3n de los datos o la destrucci\u00f3n total de los mismos.<\/p>\n<p class=\"sub-heading-RGsrlFdDm5M text-output csub-heading-RGsrlFdDm5M none noBorder radius0 none\">Comunicaci\u00f3n de los datos: No se comunicar\u00e1n los datos a terceros, salvo obligaci\u00f3n legal.<\/p>\n<\/div>\n<p>&nbsp;<\/p>\n<div id=\"sub-heading-RGsrlFdDm5M\" class=\"c-sub-heading c-wrapper\">\n<h3 class=\"sub-heading-RGsrlFdDm5M text-output csub-heading-RGsrlFdDm5M none noBorder radius0 none\">Derechos que asisten al Usuario<\/h3>\n<div class=\"sub-heading-RGsrlFdDm5M text-output csub-heading-RGsrlFdDm5M none noBorder radius0 none\" data-animation-class=\"\">\n<p>Derecho a retirar el consentimiento en cualquier momento.<\/p>\n<p>Derecho de acceso, rectificaci\u00f3n, portabilidad y supresi\u00f3n de sus datos y a la limitaci\u00f3n u oposici\u00f3n al su tratamiento.<\/p>\n<p>Derecho a presentar una reclamaci\u00f3n ante la autoridad de control (agpd.es) si considera que el tratamiento no se ajusta a la normativa vigente.<\/p>\n<p>&nbsp;<\/p>\n<h3><strong>Datos de contacto para ejercer sus derechos:<\/strong><\/h3>\n<p>EXPORTEN\u00a0STRUCTURES SOFTWARE SL<\/p>\n<p>Direcci\u00f3n postal: C\/ Cuenca 13, 08980 Sant Feliu de Llobregat (Barcelona), Espa\u00f1a<\/p>\n<p>Correo electr\u00f3nico:\u00a0<a href=\"mailto:info@kabunik.com\">info@kabunik.com.<\/a><\/p>\n<p>&nbsp;<\/p>\n<h3>Car\u00e1cter obligatorio o facultativo de la informaci\u00f3n facilitada por el usuario<\/h3>\n<p>Los Usuarios, mediante la marcaci\u00f3n de las casillas correspondientes y entrada de datos en los campos, marcados con un asterisco (*) en el formulario de contacto o presentados en formularios de descarga, aceptan expresamente y de forma libre e inequ\u00edvoca, que sus datos son necesarios para atender su petici\u00f3n, por parte del prestador, siendo voluntaria la inclusi\u00f3n de datos en los campos restantes. El Usuario garantiza que los datos personales facilitados al RESPONSABLE son veraces y se hace responsable de comunicar cualquier modificaci\u00f3n de los mismos.<\/p>\n<p>El RESPONSABLE informa y garantiza expresamente a los usuarios que sus datos personales no ser\u00e1n cedidos en ning\u00fan caso a terceros, y que siempre que se realizara alg\u00fan tipo de cesi\u00f3n de datos personales, se pedir\u00e1 previamente el consentimiento expreso, informado e inequ\u00edvoco por parte los Usuarios. Todos los datos solicitados a trav\u00e9s del sitio web son obligatorios, ya que son necesarios para la prestaci\u00f3n de un servicio \u00f3ptimo al Usuario. En caso de que no sean facilitados todos los datos, no se garantiza que la informaci\u00f3n y servicios facilitados sean completamente ajustados a sus necesidades.<\/p>\n<p>&nbsp;<\/p>\n<h3>Medidas de seguridad<\/h3>\n<p>Que de conformidad con lo dispuesto en las normativas vigentes en protecci\u00f3n de datos personales, el RESPONSABLE est\u00e1 cumpliendo con todas las disposiciones de las normativas GDPR para el tratamiento de los datos personales de su responsabilidad, y manifiestamente con los principios descritos en el art\u00edculo 5 del GDPR, por los cuales son tratados de manera l\u00edcita, leal y transparente en relaci\u00f3n con el interesado y adecuados, pertinentes y limitados a lo necesario en relaci\u00f3n con los fines para los que son tratados.<\/p>\n<p>El RESPONSABLE garantiza que ha implementado pol\u00edticas t\u00e9cnicas y organizativas apropiadas para aplicar las medidas de seguridad que establecen el GDPR con el fin de proteger los derechos y libertades de los Usuarios y les ha comunicado la informaci\u00f3n adecuada para que puedan ejercerlos.<\/p>\n<p>&nbsp;<\/p>\n<p>No dude en consultar nuestro Aviso Legal y Pol\u00edtica de Cookies en EXPORTEN\u00a0STRUCTURES SOFTWARE SL:<\/p>\n<p><a href=\"https:\/\/www.kabunik.com\/es\/aviso-legal\/\">Aviso Legal.<\/a><\/p>\n<p><a href=\"https:\/\/www.kabunik.com\/es\/politica-de-cookies\/\">Pol\u00edtica de Cookies.<\/a><\/p>\n<p>&nbsp;<\/p>\n<\/div>\n<\/div>\n[\/vc_column_text][\/vc_column][\/vc_row]\n","protected":false},"excerpt":{"rendered":"<p>[vc_row type=\u00bbin_container\u00bb full_screen_row_position=\u00bbmiddle\u00bb column_margin=\u00bbdefault\u00bb column_direction=\u00bbdefault\u00bb column_direction_tablet=\u00bbdefault\u00bb column_direction_phone=\u00bbdefault\u00bb scene_position=\u00bbcenter\u00bb text_color=\u00bbdark\u00bb text_align=\u00bbleft\u00bb row_border_radius=\u00bbnone\u00bb row_border_radius_applies=\u00bbbg\u00bb row_position_desktop=\u00bbdefault\u00bb row_position_tablet=\u00bbinherit\u00bb row_position_phone=\u00bbinherit\u00bb overflow=\u00bbvisible\u00bb overlay_strength=\u00bb0.3&#8243; gradient_direction=\u00bbleft_to_right\u00bb shape_divider_position=\u00bbbottom\u00bb bg_image_animation=\u00bbnone\u00bb][vc_column column_padding=\u00bbno-extra-padding\u00bb column_padding_tablet=\u00bbinherit\u00bb column_padding_phone=\u00bbinherit\u00bb column_padding_position=\u00bball\u00bb flex_gap_desktop=\u00bb10px\u00bb column_element_direction_desktop=\u00bbdefault\u00bb column_element_spacing=\u00bbdefault\u00bb desktop_text_alignment=\u00bbdefault\u00bb tablet_text_alignment=\u00bbdefault\u00bb phone_text_alignment=\u00bbdefault\u00bb&#8230;<\/p>\n","protected":false},"author":1,"featured_media":0,"parent":0,"menu_order":3,"comment_status":"closed","ping_status":"closed","template":"","meta":{"footnotes":""},"class_list":["post-3","page","type-page","status-publish"],"aioseo_notices":[],"_links":{"self":[{"href":"https:\/\/www.kabunik.com\/es\/wp-json\/wp\/v2\/pages\/3","targetHints":{"allow":["GET"]}}],"collection":[{"href":"https:\/\/www.kabunik.com\/es\/wp-json\/wp\/v2\/pages"}],"about":[{"href":"https:\/\/www.kabunik.com\/es\/wp-json\/wp\/v2\/types\/page"}],"author":[{"embeddable":true,"href":"https:\/\/www.kabunik.com\/es\/wp-json\/wp\/v2\/users\/1"}],"replies":[{"embeddable":true,"href":"https:\/\/www.kabunik.com\/es\/wp-json\/wp\/v2\/comments?post=3"}],"version-history":[{"count":6,"href":"https:\/\/www.kabunik.com\/es\/wp-json\/wp\/v2\/pages\/3\/revisions"}],"predecessor-version":[{"id":435,"href":"https:\/\/www.kabunik.com\/es\/wp-json\/wp\/v2\/pages\/3\/revisions\/435"}],"wp:attachment":[{"href":"https:\/\/www.kabunik.com\/es\/wp-json\/wp\/v2\/media?parent=3"}],"curies":[{"name":"wp","href":"https:\/\/api.w.org\/{rel}","templated":true}]}}