{"id":244,"date":"2026-04-13T15:15:32","date_gmt":"2026-04-13T13:15:32","guid":{"rendered":"http:\/\/www.kabunik.com\/?page_id=244"},"modified":"2026-04-29T17:40:43","modified_gmt":"2026-04-29T15:40:43","slug":"politica-de-cookies","status":"publish","type":"page","link":"https:\/\/www.kabunik.com\/es\/politica-de-cookies\/","title":{"rendered":"Pol\u00edtica de cookies"},"content":{"rendered":"[vc_row type=\u00bbin_container\u00bb full_screen_row_position=\u00bbmiddle\u00bb column_margin=\u00bbdefault\u00bb column_direction=\u00bbdefault\u00bb column_direction_tablet=\u00bbdefault\u00bb column_direction_phone=\u00bbdefault\u00bb scene_position=\u00bbcenter\u00bb text_color=\u00bbdark\u00bb text_align=\u00bbleft\u00bb row_border_radius=\u00bbnone\u00bb row_border_radius_applies=\u00bbbg\u00bb row_position_desktop=\u00bbdefault\u00bb row_position_tablet=\u00bbinherit\u00bb row_position_phone=\u00bbinherit\u00bb overflow=\u00bbvisible\u00bb overlay_strength=\u00bb0.3&#8243; gradient_direction=\u00bbleft_to_right\u00bb shape_divider_position=\u00bbbottom\u00bb bg_image_animation=\u00bbnone\u00bb][vc_column column_padding=\u00bbno-extra-padding\u00bb column_padding_tablet=\u00bbinherit\u00bb column_padding_phone=\u00bbinherit\u00bb column_padding_position=\u00bball\u00bb flex_gap_desktop=\u00bb10px\u00bb column_element_direction_desktop=\u00bbdefault\u00bb column_element_spacing=\u00bbdefault\u00bb desktop_text_alignment=\u00bbdefault\u00bb tablet_text_alignment=\u00bbdefault\u00bb phone_text_alignment=\u00bbdefault\u00bb background_color_opacity=\u00bb1&#8243; background_hover_color_opacity=\u00bb1&#8243; column_backdrop_filter=\u00bbnone\u00bb column_shadow=\u00bbnone\u00bb column_border_radius=\u00bbnone\u00bb column_link_target=\u00bb_self\u00bb column_position=\u00bbdefault\u00bb gradient_direction=\u00bbleft_to_right\u00bb overlay_strength=\u00bb0.3&#8243; width=\u00bb1\/1&#8243; tablet_width_inherit=\u00bbdefault\u00bb animation_type=\u00bbdefault\u00bb bg_image_animation=\u00bbnone\u00bb border_type=\u00bbsimple\u00bb column_border_width=\u00bbnone\u00bb column_border_style=\u00bbsolid\u00bb][nectar_highlighted_text style=\u00bbnone\u00bb text_direction=\u00bbdefault\u00bb]\n<h1><em>Pol\u00edtica de cookies<\/em><\/h1>\n[\/nectar_highlighted_text][\/vc_column][\/vc_row][vc_row type=\u00bbin_container\u00bb full_screen_row_position=\u00bbmiddle\u00bb column_margin=\u00bbdefault\u00bb column_direction=\u00bbdefault\u00bb column_direction_tablet=\u00bbdefault\u00bb column_direction_phone=\u00bbdefault\u00bb scene_position=\u00bbcenter\u00bb text_color=\u00bbdark\u00bb text_align=\u00bbleft\u00bb row_border_radius=\u00bbnone\u00bb row_border_radius_applies=\u00bbbg\u00bb row_position_desktop=\u00bbdefault\u00bb row_position_tablet=\u00bbinherit\u00bb row_position_phone=\u00bbinherit\u00bb overflow=\u00bbvisible\u00bb overlay_strength=\u00bb0.3&#8243; gradient_direction=\u00bbleft_to_right\u00bb shape_divider_position=\u00bbbottom\u00bb bg_image_animation=\u00bbnone\u00bb][vc_column column_padding=\u00bbno-extra-padding\u00bb column_padding_tablet=\u00bbinherit\u00bb column_padding_phone=\u00bbinherit\u00bb column_padding_position=\u00bball\u00bb flex_gap_desktop=\u00bb10px\u00bb column_element_direction_desktop=\u00bbdefault\u00bb column_element_spacing=\u00bbdefault\u00bb desktop_text_alignment=\u00bbdefault\u00bb tablet_text_alignment=\u00bbdefault\u00bb phone_text_alignment=\u00bbdefault\u00bb background_color_opacity=\u00bb1&#8243; background_hover_color_opacity=\u00bb1&#8243; column_backdrop_filter=\u00bbnone\u00bb column_shadow=\u00bbnone\u00bb column_border_radius=\u00bbnone\u00bb column_link_target=\u00bb_self\u00bb column_position=\u00bbdefault\u00bb gradient_direction=\u00bbleft_to_right\u00bb overlay_strength=\u00bb0.3&#8243; width=\u00bb1\/1&#8243; tablet_width_inherit=\u00bbdefault\u00bb animation_type=\u00bbdefault\u00bb bg_image_animation=\u00bbnone\u00bb border_type=\u00bbsimple\u00bb column_border_width=\u00bbnone\u00bb column_border_style=\u00bbsolid\u00bb][vc_column_text css=\u00bb\u00bb text_direction=\u00bbdefault\u00bb]Con el fin de ofrecerle un servicio m\u00e1s personalizado y eficaz, para fines estad\u00edsticos y mostrarle publicidad relacionada con sus preferencias, necesitamos recordar y almacenar informaci\u00f3n sobre c\u00f3mo utilizas este sitio. Esto puede hacerse utilizando peque\u00f1os archivos de texto llamados cookies. Las cookies contienen peque\u00f1as cantidades de informaci\u00f3n, y son instaladas en su ordenador o en otro equipo por un servidor web. Una vez descargadas, su navegador env\u00eda estas cookies de nuevo al sitio web en cada visita posterior, de forma que \u00e9ste puede reconocerle y recordar datos como sus preferencias de usuario. Puedes encontrar m\u00e1s informaci\u00f3n sobre las cookies y su funcionamiento en <a href=\"https:\/\/www.aboutcookies.org\/\">https:\/\/www.aboutcookies.org\/<\/a>.<\/p>\n<p>Puede recopilarse informaci\u00f3n cada vez que entres en este sitio web, gracias al uso de las cookies y otras tecnolog\u00edas. Al utilizar este sitio, aceptas el uso por nuestra parte de las cookies, tal y como se describe en este texto.<\/p>\n<p>&nbsp;<\/p>\n<h3>\u00bfQu\u00e9 cookies utilizamos y por qu\u00e9?<\/h3>\n<p>Algunas de las cookies que utilizamos son necesarias para permitir la navegaci\u00f3n dentro del sitio web y utilizar sus funciones, como el acceso a \u00e1reas y contenidos seguros para usuarios registrados.<\/p>\n<p>Tambi\u00e9n utilizamos cookies funcionales para registrar informaci\u00f3n sobre las opciones que se selecciona al entrar en nuestro sitio web y con el fin de personalizarlo para los visitantes. Por ejemplo, para recordar el idioma o la regi\u00f3n de procedencia, o para saber si se ha rellenado una encuesta. Esta informaci\u00f3n normalmente se guarda eliminando todos los datos que permitan identificar al usuario, y no se utiliza con ning\u00fan otro fin.<\/p>\n<p>Nosotros, o nuestros proveedores de servicios, utilizamos tambi\u00e9n servicios anal\u00edticos que nos permiten entender hasta qu\u00e9 punto son efectivos nuestros contenidos o qu\u00e9 intereses tienen nuestros usuarios, as\u00ed como mejorar el funcionamiento del sitio web. Adem\u00e1s, utilizamos contadores de visitas (denominados en ingl\u00e9s web beacons) o p\u00edxeles de seguimiento para contar el n\u00famero de visitas, as\u00ed como las llamadas performance cookies o cookies de rendimiento que permiten hacer un seguimiento de cu\u00e1ntos usuarios acceden a nuestro sitio web y con qu\u00e9 frecuencia. Esta informaci\u00f3n se utiliza exclusivamente con fines estad\u00edsticos y no es nuestra intenci\u00f3n utilizarla para identificar personalmente a los usuarios. No obstante, si te has registrado y has iniciado sesi\u00f3n en nuestro sitio, podemos combinar esta informaci\u00f3n con la informaci\u00f3n obtenida por las cookies y los servicios anal\u00edticos de nuestra Web para analizar con mayor detalle c\u00f3mo utilizas el sitio.<\/p>\n<p>Este sitio tambi\u00e9n utiliza targeting cookies o cookies publicitarias, que son aqu\u00e9llas que permiten enviar publicidad personalizada a los visitantes de los sitios web.<\/p>\n<p>Contacta con nosotros si desea informaci\u00f3n m\u00e1s detallada sobre c\u00f3mo utilizamos las cookies.<\/p>\n<p>&nbsp;<\/p>\n<h3>C\u00f3mo controlar las cookies<\/h3>\n<p>Al utilizar este sitio web, aceptas que podamos instalar cookies en tu ordenador o equipo, tal y como se ha explicado anteriormente. No obstante, puedes controlar y administrar las cookies de distintas maneras. Ten en cuenta que el hecho de eliminar o bloquear las cookies tiene un efecto en su experiencia de usuario, y algunas partes del sitio podr\u00edan dejar de ser totalmente accesibles.<\/p>\n<p>Esta p\u00e1gina web usa cookies. Las cookies de este sitio web se usan para personalizar el contenido y los anuncios, ofrecer funciones de redes sociales y analizar el tr\u00e1fico. Adem\u00e1s, compartimos informaci\u00f3n sobre el uso que haga del sitio web con nuestros partners de redes sociales, publicidad y an\u00e1lisis web, quienes pueden combinarla con otra informaci\u00f3n que les haya proporcionado o que hayan recopilado a partir del uso que haya hecho de sus servicios.<\/p>\n<p>Las cookies son peque\u00f1os archivos de texto que las p\u00e1ginas web pueden utilizar para hacer m\u00e1s eficiente la experiencia del usuario.<\/p>\n<p>La ley afirma que podemos almacenar cookies en su dispositivo si son estrictamente necesarias para el funcionamiento de esta p\u00e1gina. Para todos los dem\u00e1s tipos de cookies necesitamos su permiso.<\/p>\n<p>Esta p\u00e1gina utiliza tipos diferentes de cookies. Algunas cookies son colocadas por servicios de terceros que aparecen en nuestras p\u00e1ginas.<\/p>\n<p>En cualquier momento puede cambiar o retirar su consentimiento desde la Declaraci\u00f3n de cookies en nuestro sitio web.<\/p>\n<p>Obtenga m\u00e1s informaci\u00f3n sobre qui\u00e9nes somos, c\u00f3mo puede contactarnos y c\u00f3mo procesamos los datos personales en nuestra <a href=\"https:\/\/www.kabunik.com\/es\/politica-de-privacidad\/\">Pol\u00edtica de privacidad<\/a>.[\/vc_column_text][vc_raw_js]JTNDc2NyaXB0JTIwaWQlM0QlMjJDb29raWVEZWNsYXJhdGlvbiUyMiUyMHNyYyUzRCUyMmh0dHBzJTNBJTJGJTJGY29uc2VudC5jb29raWVib3QuY29tJTJGYjY2Zjg2YTQtNTE1Yi00MDEwLTlkYTktZTNjZTA2MDY1YmViJTJGY2QuanMlMjIlMjB0eXBlJTNEJTIydGV4dCUyRmphdmFzY3JpcHQlMjIlMjBhc3luYyUzRSUzQyUyRnNjcmlwdCUzRQ==[\/vc_raw_js][vc_column_text css=\u00bb\u00bb text_direction=\u00bbdefault\u00bb]\n<h3>Controles del navegador<\/h3>\n<p>La mayor\u00eda de los navegadores permiten ver qu\u00e9 cookies se tienen y eliminarlas de forma individual, o bloquear las cookies de un sitio web en particular o de todos los sitios web. Tenga en cuenta que cualquier preferencia establecida se perder\u00e1 si se elimina todas las cookies, incluidas las preferencias de eliminar las cookies, ya que esto requiere la instalaci\u00f3n de una cookie de inhabilitaci\u00f3n. Si deseas m\u00e1s informaci\u00f3n sobre c\u00f3mo modificar las opciones de configuraci\u00f3n de su navegador para bloquear o filtrar cookies, consulta <a href=\"https:\/\/www.aboutcookies.org\">https:\/\/www.aboutcookies.org<\/a>\/ o <a href=\"http:\/\/www.cookiecentral.com\/faq\/\">http:\/\/www.cookiecentral.com\/faq\/<\/a>.<\/p>\n<p>&nbsp;<\/p>\n<h3>C\u00f3mo administrar cookies anal\u00edticas<\/h3>\n<p>Se puede optar por no dejar que las cookies anal\u00edticas registren las b\u00fasquedas an\u00f3nimas al navegar por Internet. Nosotros utilizamos los siguientes proveedores de servicios. Si desea m\u00e1s informaci\u00f3n sobre sus pol\u00edticas de privacidad y sobre c\u00f3mo eliminar sus cookies puede visitar su p\u00e1gina web:<\/p>\n<p>Adobe: <a href=\"https:\/\/www.adobe.com\/privacy\/opt-out.html\">https:\/\/www.adobe.com\/privacy\/opt-out.html<\/a><\/p>\n<p>Google Analytics (utilizadas tambi\u00e9n para Google Ads con fines publicitarios):\u00a0<a href=\"http:\/\/www.google.com\/analytics\/learn\/privacy.html\">http:\/\/www.google.com\/analytics\/learn\/privacy.html<\/a><\/p>\n<p>&nbsp;<\/p>\n<h3>C\u00f3mo administrar objetos locales compartidos o cookies flash<\/h3>\n<p>Los objetos locales compartidos o las cookies flash son bastante similares a las otras cookies de navegador, salvo que pueden almacenar otros tipos de informaci\u00f3n. Estas cookies no pueden ser controladas con los mecanismos arriba explicados. Algunas partes de nuestro sitio web utilizan estos tipos de cookies para almacenar preferencias de usuario sobre funciones de reproductores multimedia, y sin ellas, algunos contenidos de v\u00eddeo no pueden verse correctamente. Estas cookies pueden controlarse manualmente visitando Adobe website.<\/p>\n<p><a href=\"http:\/\/www.macromedia.com\/support\/documentation\/en\/flashplayer\/help\/settings_manager07.html\">http:\/\/www.macromedia.com\/support\/documentation\/en\/flashplayer\/help\/settings_manager07.html<\/a><\/p>\n<p>&nbsp;<\/p>\n<h3>Botones sociales<\/h3>\n<p>Utilizamos botones sociales para que nuestros usuarios puedan compartir p\u00e1ginas web o seleccionarlas como favoritas. Se trata de botones para sitios web de medios sociales externos. Estos sitios pueden registrar informaci\u00f3n sobre sus actividades en Internet, incluyendo nuestra web. Puedes revisar las condiciones de uso y las pol\u00edticas de privacidad de estos sitios web para saber exactamente c\u00f3mo utilizan la informaci\u00f3n y para averiguar c\u00f3mo puede eliminarse o borrarse dicha informaci\u00f3n.<\/p>\n<p>&nbsp;<\/p>\n<h3>Servicios web externos<\/h3>\n<p>En ocasiones utilizamos servicios web externos para mostrar contenidos dentro de nuestras p\u00e1ginas web. Por ejemplo, para mostrar im\u00e1genes o v\u00eddeos, o para realizar encuestas. Al igual que los botones sociales, no podemos evitar que estos sitios, o dominios externos, recopilen informaci\u00f3n sobre el uso que se hace de estos contenidos incrustados.<\/p>\n<p>&nbsp;<\/p>\n<h3>Comunicaciones a trav\u00e9s del correo electr\u00f3nico<\/h3>\n<p>Tambi\u00e9n podemos emplear tecnolog\u00edas de seguimiento para determinar si se han le\u00eddo ciertos mensajes de correo electr\u00f3nico que hemos enviado, si ha hecho clic en los mismos, o si se han reenviado, gracias a las cuales podemos hacer que nuestras comunicaciones sean m\u00e1s \u00fatiles e interesantes. Si no deseas que confirmemos que has abierto nuestros mensajes, has hecho clic en los mismos o los has reenviado, es necesario darse de baja, ya que nosotros no podemos enviar estos e-mails con la funci\u00f3n de seguimiento desactivada. Los usuarios registrados pueden actualizar sus preferencias de comunicaci\u00f3n en cualquier momento poni\u00e9ndose en contacto con nosotros: <a href=\"mailto:info@kabunik.com\">info@kabunik.com<\/a>, o pueden darse de baja siguiendo las instrucciones incluidas en nuestras comunicaciones por correo electr\u00f3nico.<\/p>\n<p>Se podr\u00e1n realizar modificaciones la presente Informaci\u00f3n sobre Cookies de manera unilateral cuando sea requerido. En caso de que se lleven a cabo, se actualizar\u00e1 la fecha de \u00faltima revisi\u00f3n tal y como se se\u00f1ala en la parte superior de este apartado en la p\u00e1gina web. Dichas modificaciones se har\u00e1n efectivas a partir de la \u00faltima fecha de revisi\u00f3n. Invitamos a revisar peri\u00f3dicamente este el Uso de Cookies con la finalidad de que est\u00e9 enterado sobre la manera en la que las utilizamos.<\/p>\n<p>Para m\u00e1s informaci\u00f3n sobre el Aviso Legal, haga clic en el siguiente <a href=\"https:\/\/www.kabunik.com\/es\/aviso-legal\/\">enlace<\/a>.<\/p>\n<p>Para m\u00e1s informaci\u00f3n sobre nuestra Pol\u00edtica de Privacidad, haga clic en el siguiente <a href=\"https:\/\/www.kabunik.com\/es\/politica-de-privacidad\/\">enlace<\/a>.<\/p>\n[\/vc_column_text][\/vc_column][\/vc_row]\n","protected":false},"excerpt":{"rendered":"<p>[vc_row type=\u00bbin_container\u00bb full_screen_row_position=\u00bbmiddle\u00bb column_margin=\u00bbdefault\u00bb column_direction=\u00bbdefault\u00bb column_direction_tablet=\u00bbdefault\u00bb column_direction_phone=\u00bbdefault\u00bb scene_position=\u00bbcenter\u00bb text_color=\u00bbdark\u00bb text_align=\u00bbleft\u00bb row_border_radius=\u00bbnone\u00bb row_border_radius_applies=\u00bbbg\u00bb row_position_desktop=\u00bbdefault\u00bb row_position_tablet=\u00bbinherit\u00bb row_position_phone=\u00bbinherit\u00bb overflow=\u00bbvisible\u00bb overlay_strength=\u00bb0.3&#8243; gradient_direction=\u00bbleft_to_right\u00bb shape_divider_position=\u00bbbottom\u00bb bg_image_animation=\u00bbnone\u00bb][vc_column column_padding=\u00bbno-extra-padding\u00bb column_padding_tablet=\u00bbinherit\u00bb column_padding_phone=\u00bbinherit\u00bb column_padding_position=\u00bball\u00bb flex_gap_desktop=\u00bb10px\u00bb column_element_direction_desktop=\u00bbdefault\u00bb column_element_spacing=\u00bbdefault\u00bb desktop_text_alignment=\u00bbdefault\u00bb tablet_text_alignment=\u00bbdefault\u00bb phone_text_alignment=\u00bbdefault\u00bb&#8230;<\/p>\n","protected":false},"author":1,"featured_media":0,"parent":0,"menu_order":4,"comment_status":"closed","ping_status":"closed","template":"","meta":{"footnotes":""},"class_list":["post-244","page","type-page","status-publish"],"aioseo_notices":[],"_links":{"self":[{"href":"https:\/\/www.kabunik.com\/es\/wp-json\/wp\/v2\/pages\/244","targetHints":{"allow":["GET"]}}],"collection":[{"href":"https:\/\/www.kabunik.com\/es\/wp-json\/wp\/v2\/pages"}],"about":[{"href":"https:\/\/www.kabunik.com\/es\/wp-json\/wp\/v2\/types\/page"}],"author":[{"embeddable":true,"href":"https:\/\/www.kabunik.com\/es\/wp-json\/wp\/v2\/users\/1"}],"replies":[{"embeddable":true,"href":"https:\/\/www.kabunik.com\/es\/wp-json\/wp\/v2\/comments?post=244"}],"version-history":[{"count":9,"href":"https:\/\/www.kabunik.com\/es\/wp-json\/wp\/v2\/pages\/244\/revisions"}],"predecessor-version":[{"id":478,"href":"https:\/\/www.kabunik.com\/es\/wp-json\/wp\/v2\/pages\/244\/revisions\/478"}],"wp:attachment":[{"href":"https:\/\/www.kabunik.com\/es\/wp-json\/wp\/v2\/media?parent=244"}],"curies":[{"name":"wp","href":"https:\/\/api.w.org\/{rel}","templated":true}]}}