{"id":242,"date":"2026-04-13T15:15:32","date_gmt":"2026-04-13T13:15:32","guid":{"rendered":"http:\/\/www.kabunik.com\/?page_id=242"},"modified":"2026-04-28T17:02:13","modified_gmt":"2026-04-28T15:02:13","slug":"aviso-legal","status":"publish","type":"page","link":"https:\/\/www.kabunik.com\/es\/aviso-legal\/","title":{"rendered":"Aviso legal"},"content":{"rendered":"[vc_row type=\u00bbin_container\u00bb full_screen_row_position=\u00bbmiddle\u00bb column_margin=\u00bbdefault\u00bb column_direction=\u00bbdefault\u00bb column_direction_tablet=\u00bbdefault\u00bb column_direction_phone=\u00bbdefault\u00bb scene_position=\u00bbcenter\u00bb text_color=\u00bbdark\u00bb text_align=\u00bbleft\u00bb row_border_radius=\u00bbnone\u00bb row_border_radius_applies=\u00bbbg\u00bb row_position_desktop=\u00bbdefault\u00bb row_position_tablet=\u00bbinherit\u00bb row_position_phone=\u00bbinherit\u00bb overflow=\u00bbvisible\u00bb overlay_strength=\u00bb0.3&#8243; gradient_direction=\u00bbleft_to_right\u00bb shape_divider_position=\u00bbbottom\u00bb bg_image_animation=\u00bbnone\u00bb][vc_column column_padding=\u00bbno-extra-padding\u00bb column_padding_tablet=\u00bbinherit\u00bb column_padding_phone=\u00bbinherit\u00bb column_padding_position=\u00bball\u00bb flex_gap_desktop=\u00bb10px\u00bb column_element_direction_desktop=\u00bbdefault\u00bb column_element_spacing=\u00bbdefault\u00bb desktop_text_alignment=\u00bbdefault\u00bb tablet_text_alignment=\u00bbdefault\u00bb phone_text_alignment=\u00bbdefault\u00bb background_color_opacity=\u00bb1&#8243; background_hover_color_opacity=\u00bb1&#8243; column_backdrop_filter=\u00bbnone\u00bb column_shadow=\u00bbnone\u00bb column_border_radius=\u00bbnone\u00bb column_link_target=\u00bb_self\u00bb column_position=\u00bbdefault\u00bb gradient_direction=\u00bbleft_to_right\u00bb overlay_strength=\u00bb0.3&#8243; width=\u00bb1\/1&#8243; tablet_width_inherit=\u00bbdefault\u00bb animation_type=\u00bbdefault\u00bb bg_image_animation=\u00bbnone\u00bb border_type=\u00bbsimple\u00bb column_border_width=\u00bbnone\u00bb column_border_style=\u00bbsolid\u00bb][nectar_highlighted_text style=\u00bbnone\u00bb text_direction=\u00bbdefault\u00bb]\n<h1><em>Aviso legal <\/em><\/h1>\n[\/nectar_highlighted_text][\/vc_column][\/vc_row][vc_row type=\u00bbin_container\u00bb full_screen_row_position=\u00bbmiddle\u00bb column_margin=\u00bbdefault\u00bb column_direction=\u00bbdefault\u00bb column_direction_tablet=\u00bbdefault\u00bb column_direction_phone=\u00bbdefault\u00bb scene_position=\u00bbcenter\u00bb text_color=\u00bbdark\u00bb text_align=\u00bbleft\u00bb row_border_radius=\u00bbnone\u00bb row_border_radius_applies=\u00bbbg\u00bb row_position_desktop=\u00bbdefault\u00bb row_position_tablet=\u00bbinherit\u00bb row_position_phone=\u00bbinherit\u00bb overflow=\u00bbvisible\u00bb overlay_strength=\u00bb0.3&#8243; gradient_direction=\u00bbleft_to_right\u00bb shape_divider_position=\u00bbbottom\u00bb bg_image_animation=\u00bbnone\u00bb][vc_column column_padding=\u00bbno-extra-padding\u00bb column_padding_tablet=\u00bbinherit\u00bb column_padding_phone=\u00bbinherit\u00bb column_padding_position=\u00bball\u00bb flex_gap_desktop=\u00bb10px\u00bb column_element_direction_desktop=\u00bbdefault\u00bb column_element_spacing=\u00bbdefault\u00bb desktop_text_alignment=\u00bbdefault\u00bb tablet_text_alignment=\u00bbdefault\u00bb phone_text_alignment=\u00bbdefault\u00bb background_color_opacity=\u00bb1&#8243; background_hover_color_opacity=\u00bb1&#8243; column_backdrop_filter=\u00bbnone\u00bb column_shadow=\u00bbnone\u00bb column_border_radius=\u00bbnone\u00bb column_link_target=\u00bb_self\u00bb column_position=\u00bbdefault\u00bb gradient_direction=\u00bbleft_to_right\u00bb overlay_strength=\u00bb0.3&#8243; width=\u00bb1\/1&#8243; tablet_width_inherit=\u00bbdefault\u00bb animation_type=\u00bbdefault\u00bb bg_image_animation=\u00bbnone\u00bb border_type=\u00bbsimple\u00bb column_border_width=\u00bbnone\u00bb column_border_style=\u00bbsolid\u00bb][vc_column_text css=\u00bb\u00bb text_direction=\u00bbdefault\u00bb]\n<div id=\"sub-heading-RGsrlFdDm5M\" class=\"c-sub-heading c-wrapper\">\n<div class=\"sub-heading-RGsrlFdDm5M text-output csub-heading-RGsrlFdDm5M none noBorder radius0 none\" data-animation-class=\"\">\n<p>Este apartado incluye informaci\u00f3n relativa a las condiciones generales de acceso y uso del sitio web www.kabunik.com, que deben ser conocidas por el usuario, a los efectos previstos en la Ley 34\/2002, de 11 de julio, de Servicios de la Sociedad de la Informaci\u00f3n y de Comercio Electr\u00f3nico.<\/p>\n<p>El uso de este sitio web y su contenido est\u00e1 sujeto a este Aviso Legal. Si usted no acepta el Aviso Legal, rogamos abandone este sitio web.<\/p>\n<p>La empresa formada por los titulares del sitio web <a href=\"https:\/\/www.kabunik.com\/\">www.kabunik.com<\/a> es:<\/p>\n<ul>\n<li>EXPORTEN STRUCTURES SOFTWARE SL (de ahora en adelante KABUNIK) con CIF: B65253783 y domicilio social: C\/ Cuenca 13, 08980 Sant Feliu de Llobregat (Barcelona), Espa\u00f1a.<\/li>\n<\/ul>\n<p>El correo electr\u00f3nico de contacto de KABUNIK es el <a href=\"mailto:info@kabunik.com\">info@kabunik.com.<\/a><\/p>\n<p>En las secciones o procesos en los que sea necesario o conveniente se comunicar\u00e1 detalladamente al usuario qu\u00e9 sociedad de KABUNIK presta el servicio.<\/p>\n<p>&nbsp;<\/p>\n<h3>Condiciones de acceso a <a href=\"https:\/\/www.kabunik.com\/\">www.kabunik.com<\/a><\/h3>\n<p>El acceso a este sitio web es responsabilidad exclusiva de los usuarios y supone que conocen y aceptan las advertencias legales, las condiciones y los t\u00e9rminos de uso que contiene.<\/p>\n<p>El acceso a los servicios ofrecidos a trav\u00e9s del sitio web <a href=\"https:\/\/www.kabunik.com\/\">www.kabunik.com<\/a> es gratuito y no requiere, con car\u00e1cter general, la suscripci\u00f3n previa o el registro de usuarios, sin perjuicio de que para acceder a determinados servicios es posible que se exija cumplimentar previamente el registro de usuario correspondiente. El nombre de usuario y la contrase\u00f1a son elementos identificadores y habilitadores para acceder a los servicios y tienen car\u00e1cter personal e intransferible.<\/p>\n<p>Si el usuario no estuviera de acuerdo con el contenido de las presentes condiciones generales de navegaci\u00f3n, deber\u00e1 abandonar el sitio web y no podr\u00e1 acceder a \u00e9l ni disponer de los servicios que ofrece.<\/p>\n<p>El usuario garantiza que tiene m\u00e1s de 14 a\u00f1os. Garantiza, adem\u00e1s, la veracidad y la autenticidad de la informaci\u00f3n comunicada a consecuencia de la contrataci\u00f3n de los servicios que se exijan en el registro de usuario y se obliga, asimismo, a mantener esta informaci\u00f3n actualizada.<\/p>\n<p>Las conexiones con otros sitios web que pudiera haber, as\u00ed como el uso que el usuario puede hacer de ellos, est\u00e1n sujetos a las presentes condiciones generales y a los condicionamientos espec\u00edficos eventuales que requieran los mencionados sitios web. Cualquier utilizaci\u00f3n distinta de la autorizada est\u00e1 expresamente prohibida.<\/p>\n<p>KABUNIK puede modificar, en cualquier momento que lo estime oportuno, la configuraci\u00f3n de este sitio web, las condiciones del servicio y su contenido, as\u00ed como eliminarlos, limitarlos o suspenderlos de manera temporal o definitiva, o impedir el acceso a este, y procurar informar al usuario de este cambio, siempre que las circunstancias lo permitan, mediante una publicaci\u00f3n en el sitio web.<\/p>\n<p>&nbsp;<\/p>\n<h3>Condiciones de utilizaci\u00f3n de <a href=\"https:\/\/www.kabunik.com\/\">www.kabunik.com<\/a><\/h3>\n<p>El usuario se compromete a realizar un uso adecuado de los servicios y\/o los contenidos del sitio web y a no utilizarlos para actividades il\u00edcitas o constitutivas de un delito y\/o que infrinjan lo establecido en el presente aviso legal, en la regulaci\u00f3n sobre propiedad intelectual o industrial, o en cualquier otra norma del ordenamiento jur\u00eddico. El uso que se haga de la informaci\u00f3n que contiene este sitio web es responsabilidad exclusiva del usuario.<\/p>\n<p>El usuario garantiza la autenticidad y la veracidad de todos los datos que comunique a KABUNIK mediante los distintos formularios online, y se responsabiliza de la inexactitud o la falta de veracidad de la informaci\u00f3n aportada.<\/p>\n<p>Asimismo, a t\u00edtulo meramente enunciativo y en ning\u00fan caso limitativo o excluyente, el usuario se compromete a no introducir, ni transmitir, ni difundir:<\/p>\n<p>Contenidos de car\u00e1cter racista, xen\u00f3fobo, pornogr\u00e1fico, de apolog\u00eda del terrorismo o que atenten contra los derechos humanos.<\/p>\n<ul>\n<li>Contenidos que promuevan actuaciones delictivas, denigradoras, difamatorias, violentas o, en general, contrarias a la ley, la moral, las buenas costumbres y el orden p\u00fablico.<\/li>\n<li>Informaci\u00f3n o contenidos que atenten contra los derechos fundamentales y las libertades p\u00fablicas reconocidas tanto constitucionalmente como en los tratados internacionales.<\/li>\n<li>Informaci\u00f3n a terceros no autorizados de los nombres de usuario y las contrase\u00f1as. Y si la contrase\u00f1a llega a otro usuario, se compromete a informar de ello KABUNIK inmediatamente.<\/li>\n<li>Informaci\u00f3n o contenidos que supongan la violaci\u00f3n de los derechos de propiedad intelectual e industrial (incluidos, pero no de forma limitativa, patentes, marcas y copyright), de KABUNIK o de terceros.<\/li>\n<li>Publicidad no autorizada o solicitada, spam, correos electr\u00f3nicos en cadena, estructuras piramidales, etc.<\/li>\n<li>Programas de datos (virus y malware \u2014software malicioso\u2014) que sean susceptibles de provocar da\u00f1os en los sistemas inform\u00e1ticos del proveedor de acceso, sus proveedores o terceros usuarios de Internet.<\/li>\n<\/ul>\n<p>&nbsp;<\/p>\n<h3>Exoneraci\u00f3n de responsabilidades<\/h3>\n<p>KABUNIK no puede controlar la utilizaci\u00f3n que realicen los usuarios del sitio web <a href=\"https:\/\/www.kabunik.com\/\">www.kabunik.com<\/a> y de sus contenidos, y por este motivo no es responsable de los da\u00f1os y perjuicios de cualquier naturaleza que puedan derivarse de un uso il\u00edcito, incorrecto, inadecuado o parcial y\/o del incumplimiento que realice el usuario de estas condiciones de acceso y uso, as\u00ed como de cualquier otra condici\u00f3n que se pueda encontrar en este sitio web con respecto a cualquiera de sus servicios, sin perjuicio, en cualquier caso, de las acciones legales que correspondan a KABUNIK y\/o a terceros.<\/p>\n<p>KABUNIK no puede garantizar la disponibilidad permanente y la continuidad en cuanto al funcionamiento del sitio web, ni a la informaci\u00f3n, el contenido, el software, los materiales o los productos que este incluye.<\/p>\n<p>De esta manera, se excluye cualquier responsabilidad por los da\u00f1os y perjuicios de cualquier tipo que se puedan derivar de la falta de disponibilidad o continuidad del funcionamiento del sitio web, de sus servicios y del uso que los usuarios puedan realizar de \u00e9l.<\/p>\n<p>En cualquier caso, KABUNIK llevar\u00e1 a cabo todos los esfuerzos posibles para mantener la disponibilidad continuada de este sitio web.<\/p>\n<p>Asimismo, KABUNIK no se hace responsable de los posibles errores o deficiencias de seguridad que pudieran producirse por la utilizaci\u00f3n, por parte del usuario, de un navegador con una versi\u00f3n no actualizada o insegura, as\u00ed como por la activaci\u00f3n de los dispositivos de conservaci\u00f3n de claves o c\u00f3digos de identificaci\u00f3n del usuario registrado en el navegador, o de los da\u00f1os, los errores o las inexactitudes que pudieran derivarse de un mal uso o funcionamiento.<\/p>\n<p>El usuario acepta que el sitio web ha sido creado y desarrollado de buena fe por KABUNIK con informaci\u00f3n procedente de fuentes internas y externas y lo ofrece en su estado actual a los usuarios, a pesar de que pueda incluir imprecisiones o erratas. Por este motivo, el usuario exonera a KABUNIK, de cualquier responsabilidad en relaci\u00f3n con la fiabilidad, la utilidad o la falsa expectativa que el sitio web le pudiera ocasionar durante la navegaci\u00f3n.<\/p>\n<p>En el supuesto de que el usuario causara cualquier tipo de da\u00f1os o perjuicios a terceros, este usuario es el \u00fanico responsable de ello. Asimismo, el usuario se har\u00e1 cargo de los gastos, los costes y, si procede, las indemnizaciones que se puedan derivar de procedimientos judiciales motivados por el incumplimiento de lo establecido en las presentes condiciones y en la normativa aplicable.<\/p>\n<p>En cuanto a los Hyperlinks a p\u00e1ginas web externas, KABUNIK no asume responsabilidad por el contenido o funcionalidad de sitios web externos que KABUNIK ni controla ni gestiona.<\/p>\n<p>&nbsp;<\/p>\n<h3>Propiedad intelectual e industrial<\/h3>\n<p>Todos los contenidos del sitio web (incluidos, sin car\u00e1cter limitativo, bases de datos, im\u00e1genes, dibujos, gr\u00e1ficos, archivos de texto, mapas, marcos, b\u00e1neres, software y sus distintos c\u00f3digos fuente, audio y v\u00eddeo), as\u00ed como el mismo sitio web como presentaci\u00f3n visual, son propiedad de KABUNIK o de sus proveedores de contenidos, los cuales han sido, en este \u00faltimo caso, objeto de licencia o cesi\u00f3n por su parte, y est\u00e1n protegidos por las normas nacionales e internacionales de propiedad intelectual e industrial. La compilaci\u00f3n (entendi\u00e9ndose como tal, la recopilaci\u00f3n, el dise\u00f1o, la ordenaci\u00f3n y el montaje) de todo el contenido del sitio web es propiedad exclusiva de KABUNIK.<\/p>\n<p>Todo el software utilizado en el uso y el desarrollo del sitio web es propiedad de KABUNIK o de sus proveedores de software, y est\u00e1 protegido por las leyes nacionales e internacionales de propiedad industrial e intelectual.<\/p>\n<p>Queda prohibida a cualquier usuario, sin la autorizaci\u00f3n previa por escrito de KABUNIK de los titulares de los derechos de propiedad intelectual o de otra propiedad de los contenidos, con car\u00e1cter enunciativo pero no limitativo, la realizaci\u00f3n de los actos siguientes, tanto con respecto al sitio web como a sus contenidos:<\/p>\n<ul>\n<li>Cualquier forma de comunicaci\u00f3n p\u00fablica, por cualquier procedimiento, incluida la puesta a disposici\u00f3n del p\u00fablico, de manera que cualquier persona pueda acceder a este desde el lugar y en el momento que elija.<\/li>\n<li>Cualquier forma de distribuci\u00f3n, incluidos, sin car\u00e1cter limitativo, la venta, el alquiler y\/o el pr\u00e9stamo.<\/li>\n<li>Cualquier forma de reproducci\u00f3n directa o indirecta, temporal o permanente, por cualquier medio y en cualquier forma de la totalidad o de parte del sitio web o de sus contenidos.<\/li>\n<li>Cualquier forma de transformaci\u00f3n, total o parcial, incluida la creaci\u00f3n de productos y\/o servicios derivados.<\/li>\n<li>Cualquier otra forma de acceso que incluya las formas anteriores u otras distintas.<\/li>\n<li>Cualquier forma, directa o indirecta, de extracci\u00f3n y\/o reutilizaci\u00f3n de la totalidad o de una parte sustancial del contenido de cualquier base de datos, y\/o la extracci\u00f3n y\/o la reutilizaci\u00f3n repetida o sistem\u00e1tica de sus partes no substanciales.<\/li>\n<\/ul>\n<p>No obstante lo anterior, el usuario puede visualizar libremente el sitio web y sus contenidos y descargarlos para uso personal y no comercial, sin que pueda hacerlo extensivo a terceras personas o entidades, ya sea a t\u00edtulo gratuito u oneroso.<\/p>\n<p>En consecuencia, la puesta a disposici\u00f3n y el uso de las bases de datos, las im\u00e1genes, los dibujos, los gr\u00e1ficos, los archivos de texto, de audio y de v\u00eddeo y el software propiedad de KABUNIK o de sus proveedores, que figuran en el sitio web, y cualquier otro contenido, no implica, en ning\u00fan caso, la cesi\u00f3n de su titularidad o la concesi\u00f3n de un derecho de uso en favor del usuario.<\/p>\n<p>Las marcas, los letreros, los signos distintivos o los logotipos que aparecen en el sitio web son titularidad de KABUNIK o han sido objeto de licencia o de cesi\u00f3n por parte de su titular y est\u00e1n debidamente registrados o en proceso de registro. El uso no autorizado o indebido de estos elementos es una infracci\u00f3n de los derechos de propiedad industrial de KABUNIK o de otros terceros propietarios.<\/p>\n<p>&nbsp;<\/p>\n<h3>Procedimiento en el caso de actuaciones il\u00edcitas<\/h3>\n<p>KABUNIK vela por que los contenidos de este sitio web no tengan car\u00e1cter pornogr\u00e1fico, xen\u00f3fobo, discriminatorio, racista, difamatorio o fomenten la violencia. Asimismo, procura evitar cualquier circunstancia que pueda ser perjudicial para los usuarios.<\/p>\n<p>En el supuesto de que cualquier usuario o un tercero considere que hay hechos o circunstancias que revelen el car\u00e1cter il\u00edcito del uso de cualquier contenido y\/o de la realizaci\u00f3n de cualquier actividad en las p\u00e1ginas web incluidas o accesibles a trav\u00e9s de este sitio web y, en particular, de la violaci\u00f3n de los derechos de propiedad industrial o intelectual, u otros derechos, deber\u00e1 enviar una notificaci\u00f3n a KABUNIK la cual deber\u00e1 contener la informaci\u00f3n siguiente:<\/p>\n<ul>\n<li>Datos personales de la persona que reclama: nombre, direcci\u00f3n, tel\u00e9fono y direcci\u00f3n electr\u00f3nica.<\/li>\n<li>Especificaci\u00f3n de la supuesta actividad il\u00edcita y la indicaci\u00f3n precisa y concreta de los contenidos protegidos, as\u00ed como de su localizaci\u00f3n en las p\u00e1ginas web.<\/li>\n<li>En caso de que haya una violaci\u00f3n de derechos: datos personales del titular de los derechos supuestamente infringidos o de la persona autorizada para representarla y su firma.<\/li>\n<li>Declaraci\u00f3n expresa, clara y bajo la responsabilidad del reclamante de que la informaci\u00f3n proporcionada en la notificaci\u00f3n es exacta y de car\u00e1cter il\u00edcito por lo que se refiere a la utilizaci\u00f3n de los contenidos o a la realizaci\u00f3n de las actividades descritas.<\/li>\n<\/ul>\n<p>&nbsp;<\/p>\n<h3>Protecci\u00f3n de datos de car\u00e1cter personal<\/h3>\n<p>Si desea m\u00e1s informaci\u00f3n sobre este apartado, por favor consulte nuestra <a href=\"https:\/\/www.kabunik.com\/es\/politica-de-privacidad\/\">Pol\u00edtica de Privacidad<\/a>.<\/p>\n<p>&nbsp;<\/p>\n<h3>Uso de cookies<\/h3>\n<p>Si desea m\u00e1s informaci\u00f3n sobre este apartado, por favor consulte nuestra <a href=\"https:\/\/www.kabunik.com\/es\/politica-de-cookies\/\">Pol\u00edtica de Cookies<\/a>.<\/p>\n<p>&nbsp;<\/p>\n<h3>Enlaces a terceros<\/h3>\n<p>En el sitio web se han incluido enlaces a otras p\u00e1ginas web de entidades ajenas a KABUNIK que no asume la responsabilidad derivada de sus contenidos, as\u00ed como tampoco de los productos o servicios que ofrezcan y de los posibles virus y malware (software malicioso) que puedan contener.<\/p>\n<p>&nbsp;<\/p>\n<h3>Enlaces a <a href=\"https:\/\/www.kabunik.com\/\">www.kabunik.com<\/a><\/h3>\n<p>Queda terminantemente prohibido que el usuario lleve a cabo alteraciones en este sitio web que puedan afectar a su contenido, como v\u00ednculos (o enlaces) y similares.<\/p>\n<p>Tambi\u00e9n se proh\u00edben los enlaces a este sitio web desde p\u00e1ginas web, u otros medios, contrarios a la ley, a la moral, al orden p\u00fablico o que atenten contra el buen nombre o la imagen de KABUNIK o de cualquiera de sus signos distintivos.<\/p>\n<p>Los enlaces a alguna de las p\u00e1ginas de este sitio web que no contravengan las prohibiciones mencionadas deber\u00e1n cumplir lo siguiente:<\/p>\n<p>El usuario deber\u00e1 saber que est\u00e1 accediendo a este sitio web y, adem\u00e1s, en su navegador deber\u00e1 aparecer la URL correspondiente a la p\u00e1gina con la que enlaza.<\/p>\n<p>&nbsp;<\/p>\n<h3>Legislaci\u00f3n y jurisdicci\u00f3n<\/h3>\n<p>Las condiciones generales de este aviso legal y de cualquier otro texto con car\u00e1cter contractual de este sitio web se regula por lo que dispone la legislaci\u00f3n espa\u00f1ola.<\/p>\n<p>Cualquier controversia que se derive del acceso y el uso de este sitio web y sus contenidos y servicios, as\u00ed como de la interpretaci\u00f3n y el cumplimiento de las presentes condiciones generales y de cualquier otro texto con car\u00e1cter contractual de este sitio web, las partes, con renuncia expresa a cualquier otro fuero que les pudiera corresponder, se someten expresamente a los juzgados y los tribunales de la ciudad de Barcelona (Espa\u00f1a).<\/p>\n<p>No dude en consultar nuestra Pol\u00edtica de Privacidad y Pol\u00edtica de Cookies en EXPORTEN\u00a0STRUCTURES SOFTWARE SL:<\/p>\n<ul>\n<li><a href=\"https:\/\/www.kabunik.com\/es\/politica-de-privacidad\/\">Pol\u00edtica de Privacidad<\/a>.<\/li>\n<li><a href=\"https:\/\/www.kabunik.com\/es\/politica-de-cookies\/\">Pol\u00edtica de cookies<\/a>.<\/li>\n<\/ul>\n<\/div>\n<\/div>\n[\/vc_column_text][\/vc_column][\/vc_row]\n","protected":false},"excerpt":{"rendered":"<p>[vc_row type=\u00bbin_container\u00bb full_screen_row_position=\u00bbmiddle\u00bb column_margin=\u00bbdefault\u00bb column_direction=\u00bbdefault\u00bb column_direction_tablet=\u00bbdefault\u00bb column_direction_phone=\u00bbdefault\u00bb scene_position=\u00bbcenter\u00bb text_color=\u00bbdark\u00bb text_align=\u00bbleft\u00bb row_border_radius=\u00bbnone\u00bb row_border_radius_applies=\u00bbbg\u00bb row_position_desktop=\u00bbdefault\u00bb row_position_tablet=\u00bbinherit\u00bb row_position_phone=\u00bbinherit\u00bb overflow=\u00bbvisible\u00bb overlay_strength=\u00bb0.3&#8243; gradient_direction=\u00bbleft_to_right\u00bb shape_divider_position=\u00bbbottom\u00bb bg_image_animation=\u00bbnone\u00bb][vc_column column_padding=\u00bbno-extra-padding\u00bb column_padding_tablet=\u00bbinherit\u00bb column_padding_phone=\u00bbinherit\u00bb column_padding_position=\u00bball\u00bb flex_gap_desktop=\u00bb10px\u00bb column_element_direction_desktop=\u00bbdefault\u00bb column_element_spacing=\u00bbdefault\u00bb desktop_text_alignment=\u00bbdefault\u00bb tablet_text_alignment=\u00bbdefault\u00bb phone_text_alignment=\u00bbdefault\u00bb&#8230;<\/p>\n","protected":false},"author":1,"featured_media":0,"parent":0,"menu_order":2,"comment_status":"closed","ping_status":"closed","template":"","meta":{"footnotes":""},"class_list":["post-242","page","type-page","status-publish"],"aioseo_notices":[],"_links":{"self":[{"href":"https:\/\/www.kabunik.com\/es\/wp-json\/wp\/v2\/pages\/242","targetHints":{"allow":["GET"]}}],"collection":[{"href":"https:\/\/www.kabunik.com\/es\/wp-json\/wp\/v2\/pages"}],"about":[{"href":"https:\/\/www.kabunik.com\/es\/wp-json\/wp\/v2\/types\/page"}],"author":[{"embeddable":true,"href":"https:\/\/www.kabunik.com\/es\/wp-json\/wp\/v2\/users\/1"}],"replies":[{"embeddable":true,"href":"https:\/\/www.kabunik.com\/es\/wp-json\/wp\/v2\/comments?post=242"}],"version-history":[{"count":7,"href":"https:\/\/www.kabunik.com\/es\/wp-json\/wp\/v2\/pages\/242\/revisions"}],"predecessor-version":[{"id":433,"href":"https:\/\/www.kabunik.com\/es\/wp-json\/wp\/v2\/pages\/242\/revisions\/433"}],"wp:attachment":[{"href":"https:\/\/www.kabunik.com\/es\/wp-json\/wp\/v2\/media?parent=242"}],"curies":[{"name":"wp","href":"https:\/\/api.w.org\/{rel}","templated":true}]}}